{"id":80842,"date":"2025-10-29T17:56:19","date_gmt":"2025-10-29T22:56:19","guid":{"rendered":"https:\/\/lucianabalderrama.com\/?post_type=product&#038;p=80842"},"modified":"2025-11-03T15:44:25","modified_gmt":"2025-11-03T20:44:25","slug":"god-is-a-woman-in-black-outlet-copia-2","status":"publish","type":"product","link":"https:\/\/lucianabalderrama.com\/en\/producto\/god-is-a-woman-in-black-outlet-copia-2\/","title":{"rendered":"God is a Woman In Lavender Outlet"},"content":{"rendered":"","protected":false},"excerpt":{"rendered":"<p>Ladies and gentleman, el Vestido God is A Woman: Imaginen esto: una impresionante silueta bodycon de un solo hombro que exige atenci\u00f3n, completa con un extravagante lazo lateral que a\u00f1ade una dosis extra de encanto. El cierre de cremallera se encuentra discretamente en la parte trasera. Prep\u00e1rense para liberar a su diosa interior con el God is A Woman.<\/p>\n<p>Factor de Elasticidad: Algo de Elasticidad<\/p>\n<p>Largo de la Falda: 45 cm desde la cintura hasta el suelo.<\/p>\n<p>La modelo lleva la talla 2.<\/p>\n","protected":false},"featured_media":80848,"template":"","meta":{"_acf_changed":false},"product_brand":[],"product_cat":[581],"product_tag":[],"class_list":{"0":"post-80842","1":"product","2":"type-product","3":"status-publish","4":"has-post-thumbnail","6":"product_cat-outlet-en","8":"first","9":"instock","10":"sale","11":"shipping-taxable","12":"purchasable","13":"product-type-variable"},"acf":[],"yoast_head":"<!-- This site is optimized with the Yoast SEO plugin v27.3 - https:\/\/yoast.com\/product\/yoast-seo-wordpress\/ -->\n<title>God is a Woman In Lavender Outlet - Luciana Balderrama<\/title>\n<meta name=\"robots\" content=\"index, follow, max-snippet:-1, max-image-preview:large, max-video-preview:-1\" \/>\n<link rel=\"canonical\" href=\"https:\/\/lucianabalderrama.com\/en\/producto\/god-is-a-woman-in-black-outlet-copia-2\/\" \/>\n<meta property=\"og:locale\" content=\"en_US\" \/>\n<meta property=\"og:type\" content=\"article\" \/>\n<meta property=\"og:title\" content=\"God is a Woman In Lavender Outlet - Luciana Balderrama\" \/>\n<meta property=\"og:description\" content=\"Ladies and gentleman, el Vestido God is A Woman: Imaginen esto: una impresionante silueta bodycon de un solo hombro que exige atenci\u00f3n, completa con un extravagante lazo lateral que a\u00f1ade una dosis extra de encanto. El cierre de cremallera se encuentra discretamente en la parte trasera. Prep\u00e1rense para liberar a su diosa interior con el God is A Woman.  Factor de Elasticidad: Algo de Elasticidad  Largo de la Falda: 45 cm desde la cintura hasta el suelo.  La modelo lleva la talla 2.\" \/>\n<meta property=\"og:url\" content=\"https:\/\/lucianabalderrama.com\/en\/producto\/god-is-a-woman-in-black-outlet-copia-2\/\" \/>\n<meta property=\"og:site_name\" content=\"Luciana Balderrama\" \/>\n<meta property=\"article:publisher\" content=\"https:\/\/www.facebook.com\/luciana.balderrama\" \/>\n<meta property=\"article:modified_time\" content=\"2025-11-03T20:44:25+00:00\" \/>\n<meta property=\"og:image\" content=\"https:\/\/lucianabalderrama.com\/wp-content\/uploads\/2025\/10\/WhatsApp-Image-2025-10-29-at-3.54.11-PM.jpeg\" \/>\n\t<meta property=\"og:image:width\" content=\"1315\" \/>\n\t<meta property=\"og:image:height\" content=\"1920\" \/>\n\t<meta property=\"og:image:type\" content=\"image\/jpeg\" \/>\n<meta name=\"twitter:card\" content=\"summary_large_image\" \/>\n<meta name=\"twitter:label1\" content=\"Est. reading time\" \/>\n\t<meta name=\"twitter:data1\" content=\"1 minute\" \/>\n<script type=\"application\/ld+json\" class=\"yoast-schema-graph\">{\"@context\":\"https:\\\/\\\/schema.org\",\"@graph\":[{\"@type\":\"WebPage\",\"@id\":\"https:\\\/\\\/lucianabalderrama.com\\\/en\\\/producto\\\/god-is-a-woman-in-black-outlet-copia-2\\\/\",\"url\":\"https:\\\/\\\/lucianabalderrama.com\\\/en\\\/producto\\\/god-is-a-woman-in-black-outlet-copia-2\\\/\",\"name\":\"God is a Woman In Lavender Outlet - Luciana Balderrama\",\"isPartOf\":{\"@id\":\"https:\\\/\\\/lucianabalderrama.com\\\/en\\\/#website\"},\"primaryImageOfPage\":{\"@id\":\"https:\\\/\\\/lucianabalderrama.com\\\/en\\\/producto\\\/god-is-a-woman-in-black-outlet-copia-2\\\/#primaryimage\"},\"image\":{\"@id\":\"https:\\\/\\\/lucianabalderrama.com\\\/en\\\/producto\\\/god-is-a-woman-in-black-outlet-copia-2\\\/#primaryimage\"},\"thumbnailUrl\":\"https:\\\/\\\/lucianabalderrama.com\\\/wp-content\\\/uploads\\\/2025\\\/10\\\/WhatsApp-Image-2025-10-29-at-3.54.11-PM.jpeg\",\"datePublished\":\"2025-10-29T22:56:19+00:00\",\"dateModified\":\"2025-11-03T20:44:25+00:00\",\"breadcrumb\":{\"@id\":\"https:\\\/\\\/lucianabalderrama.com\\\/en\\\/producto\\\/god-is-a-woman-in-black-outlet-copia-2\\\/#breadcrumb\"},\"inLanguage\":\"en-US\",\"potentialAction\":[{\"@type\":\"ReadAction\",\"target\":[\"https:\\\/\\\/lucianabalderrama.com\\\/en\\\/producto\\\/god-is-a-woman-in-black-outlet-copia-2\\\/\"]}]},{\"@type\":\"ImageObject\",\"inLanguage\":\"en-US\",\"@id\":\"https:\\\/\\\/lucianabalderrama.com\\\/en\\\/producto\\\/god-is-a-woman-in-black-outlet-copia-2\\\/#primaryimage\",\"url\":\"https:\\\/\\\/lucianabalderrama.com\\\/wp-content\\\/uploads\\\/2025\\\/10\\\/WhatsApp-Image-2025-10-29-at-3.54.11-PM.jpeg\",\"contentUrl\":\"https:\\\/\\\/lucianabalderrama.com\\\/wp-content\\\/uploads\\\/2025\\\/10\\\/WhatsApp-Image-2025-10-29-at-3.54.11-PM.jpeg\",\"width\":1315,\"height\":1920},{\"@type\":\"BreadcrumbList\",\"@id\":\"https:\\\/\\\/lucianabalderrama.com\\\/en\\\/producto\\\/god-is-a-woman-in-black-outlet-copia-2\\\/#breadcrumb\",\"itemListElement\":[{\"@type\":\"ListItem\",\"position\":1,\"name\":\"Portada\",\"item\":\"https:\\\/\\\/lucianabalderrama.com\\\/en\\\/\"},{\"@type\":\"ListItem\",\"position\":2,\"name\":\"Shop\",\"item\":\"https:\\\/\\\/lucianabalderrama.com\\\/en\\\/shop\\\/\"},{\"@type\":\"ListItem\",\"position\":3,\"name\":\"God is a Woman In Lavender Outlet\"}]},{\"@type\":\"WebSite\",\"@id\":\"https:\\\/\\\/lucianabalderrama.com\\\/en\\\/#website\",\"url\":\"https:\\\/\\\/lucianabalderrama.com\\\/en\\\/\",\"name\":\"Luciana Balderrama\",\"description\":\"\",\"publisher\":{\"@id\":\"https:\\\/\\\/lucianabalderrama.com\\\/en\\\/#organization\"},\"potentialAction\":[{\"@type\":\"SearchAction\",\"target\":{\"@type\":\"EntryPoint\",\"urlTemplate\":\"https:\\\/\\\/lucianabalderrama.com\\\/en\\\/?s={search_term_string}\"},\"query-input\":{\"@type\":\"PropertyValueSpecification\",\"valueRequired\":true,\"valueName\":\"search_term_string\"}}],\"inLanguage\":\"en-US\"},{\"@type\":\"Organization\",\"@id\":\"https:\\\/\\\/lucianabalderrama.com\\\/en\\\/#organization\",\"name\":\"Luciana Balderrama Store\",\"alternateName\":\"Luciana Balderrama\",\"url\":\"https:\\\/\\\/lucianabalderrama.com\\\/en\\\/\",\"logo\":{\"@type\":\"ImageObject\",\"inLanguage\":\"en-US\",\"@id\":\"https:\\\/\\\/lucianabalderrama.com\\\/en\\\/#\\\/schema\\\/logo\\\/image\\\/\",\"url\":\"https:\\\/\\\/lucianabalderrama.com\\\/wp-content\\\/uploads\\\/2019\\\/01\\\/cropped-Recurso-2@4x.png\",\"contentUrl\":\"https:\\\/\\\/lucianabalderrama.com\\\/wp-content\\\/uploads\\\/2019\\\/01\\\/cropped-Recurso-2@4x.png\",\"width\":512,\"height\":512,\"caption\":\"Luciana Balderrama Store\"},\"image\":{\"@id\":\"https:\\\/\\\/lucianabalderrama.com\\\/en\\\/#\\\/schema\\\/logo\\\/image\\\/\"},\"sameAs\":[\"https:\\\/\\\/www.facebook.com\\\/luciana.balderrama\",\"https:\\\/\\\/www.instagram.com\\\/lucianabalderrama\\\/\"]}]}<\/script>\n<!-- \/ Yoast SEO plugin. -->","yoast_head_json":{"title":"God is a Woman In Lavender Outlet - Luciana Balderrama","robots":{"index":"index","follow":"follow","max-snippet":"max-snippet:-1","max-image-preview":"max-image-preview:large","max-video-preview":"max-video-preview:-1"},"canonical":"https:\/\/lucianabalderrama.com\/en\/producto\/god-is-a-woman-in-black-outlet-copia-2\/","og_locale":"en_US","og_type":"article","og_title":"God is a Woman In Lavender Outlet - Luciana Balderrama","og_description":"Ladies and gentleman, el Vestido God is A Woman: Imaginen esto: una impresionante silueta bodycon de un solo hombro que exige atenci\u00f3n, completa con un extravagante lazo lateral que a\u00f1ade una dosis extra de encanto. El cierre de cremallera se encuentra discretamente en la parte trasera. Prep\u00e1rense para liberar a su diosa interior con el God is A Woman.  Factor de Elasticidad: Algo de Elasticidad  Largo de la Falda: 45 cm desde la cintura hasta el suelo.  La modelo lleva la talla 2.","og_url":"https:\/\/lucianabalderrama.com\/en\/producto\/god-is-a-woman-in-black-outlet-copia-2\/","og_site_name":"Luciana Balderrama","article_publisher":"https:\/\/www.facebook.com\/luciana.balderrama","article_modified_time":"2025-11-03T20:44:25+00:00","og_image":[{"width":1315,"height":1920,"url":"https:\/\/lucianabalderrama.com\/wp-content\/uploads\/2025\/10\/WhatsApp-Image-2025-10-29-at-3.54.11-PM.jpeg","type":"image\/jpeg"}],"twitter_card":"summary_large_image","twitter_misc":{"Est. reading time":"1 minute"},"schema":{"@context":"https:\/\/schema.org","@graph":[{"@type":"WebPage","@id":"https:\/\/lucianabalderrama.com\/en\/producto\/god-is-a-woman-in-black-outlet-copia-2\/","url":"https:\/\/lucianabalderrama.com\/en\/producto\/god-is-a-woman-in-black-outlet-copia-2\/","name":"God is a Woman In Lavender Outlet - Luciana Balderrama","isPartOf":{"@id":"https:\/\/lucianabalderrama.com\/en\/#website"},"primaryImageOfPage":{"@id":"https:\/\/lucianabalderrama.com\/en\/producto\/god-is-a-woman-in-black-outlet-copia-2\/#primaryimage"},"image":{"@id":"https:\/\/lucianabalderrama.com\/en\/producto\/god-is-a-woman-in-black-outlet-copia-2\/#primaryimage"},"thumbnailUrl":"https:\/\/lucianabalderrama.com\/wp-content\/uploads\/2025\/10\/WhatsApp-Image-2025-10-29-at-3.54.11-PM.jpeg","datePublished":"2025-10-29T22:56:19+00:00","dateModified":"2025-11-03T20:44:25+00:00","breadcrumb":{"@id":"https:\/\/lucianabalderrama.com\/en\/producto\/god-is-a-woman-in-black-outlet-copia-2\/#breadcrumb"},"inLanguage":"en-US","potentialAction":[{"@type":"ReadAction","target":["https:\/\/lucianabalderrama.com\/en\/producto\/god-is-a-woman-in-black-outlet-copia-2\/"]}]},{"@type":"ImageObject","inLanguage":"en-US","@id":"https:\/\/lucianabalderrama.com\/en\/producto\/god-is-a-woman-in-black-outlet-copia-2\/#primaryimage","url":"https:\/\/lucianabalderrama.com\/wp-content\/uploads\/2025\/10\/WhatsApp-Image-2025-10-29-at-3.54.11-PM.jpeg","contentUrl":"https:\/\/lucianabalderrama.com\/wp-content\/uploads\/2025\/10\/WhatsApp-Image-2025-10-29-at-3.54.11-PM.jpeg","width":1315,"height":1920},{"@type":"BreadcrumbList","@id":"https:\/\/lucianabalderrama.com\/en\/producto\/god-is-a-woman-in-black-outlet-copia-2\/#breadcrumb","itemListElement":[{"@type":"ListItem","position":1,"name":"Portada","item":"https:\/\/lucianabalderrama.com\/en\/"},{"@type":"ListItem","position":2,"name":"Shop","item":"https:\/\/lucianabalderrama.com\/en\/shop\/"},{"@type":"ListItem","position":3,"name":"God is a Woman In Lavender Outlet"}]},{"@type":"WebSite","@id":"https:\/\/lucianabalderrama.com\/en\/#website","url":"https:\/\/lucianabalderrama.com\/en\/","name":"Luciana Balderrama","description":"","publisher":{"@id":"https:\/\/lucianabalderrama.com\/en\/#organization"},"potentialAction":[{"@type":"SearchAction","target":{"@type":"EntryPoint","urlTemplate":"https:\/\/lucianabalderrama.com\/en\/?s={search_term_string}"},"query-input":{"@type":"PropertyValueSpecification","valueRequired":true,"valueName":"search_term_string"}}],"inLanguage":"en-US"},{"@type":"Organization","@id":"https:\/\/lucianabalderrama.com\/en\/#organization","name":"Luciana Balderrama Store","alternateName":"Luciana Balderrama","url":"https:\/\/lucianabalderrama.com\/en\/","logo":{"@type":"ImageObject","inLanguage":"en-US","@id":"https:\/\/lucianabalderrama.com\/en\/#\/schema\/logo\/image\/","url":"https:\/\/lucianabalderrama.com\/wp-content\/uploads\/2019\/01\/cropped-Recurso-2@4x.png","contentUrl":"https:\/\/lucianabalderrama.com\/wp-content\/uploads\/2019\/01\/cropped-Recurso-2@4x.png","width":512,"height":512,"caption":"Luciana Balderrama Store"},"image":{"@id":"https:\/\/lucianabalderrama.com\/en\/#\/schema\/logo\/image\/"},"sameAs":["https:\/\/www.facebook.com\/luciana.balderrama","https:\/\/www.instagram.com\/lucianabalderrama\/"]}]}},"_links":{"self":[{"href":"https:\/\/lucianabalderrama.com\/en\/wp-json\/wp\/v2\/product\/80842","targetHints":{"allow":["GET"]}}],"collection":[{"href":"https:\/\/lucianabalderrama.com\/en\/wp-json\/wp\/v2\/product"}],"about":[{"href":"https:\/\/lucianabalderrama.com\/en\/wp-json\/wp\/v2\/types\/product"}],"wp:featuredmedia":[{"embeddable":true,"href":"https:\/\/lucianabalderrama.com\/en\/wp-json\/wp\/v2\/media\/80848"}],"wp:attachment":[{"href":"https:\/\/lucianabalderrama.com\/en\/wp-json\/wp\/v2\/media?parent=80842"}],"wp:term":[{"taxonomy":"product_brand","embeddable":true,"href":"https:\/\/lucianabalderrama.com\/en\/wp-json\/wp\/v2\/product_brand?post=80842"},{"taxonomy":"product_cat","embeddable":true,"href":"https:\/\/lucianabalderrama.com\/en\/wp-json\/wp\/v2\/product_cat?post=80842"},{"taxonomy":"product_tag","embeddable":true,"href":"https:\/\/lucianabalderrama.com\/en\/wp-json\/wp\/v2\/product_tag?post=80842"}],"curies":[{"name":"wp","href":"https:\/\/api.w.org\/{rel}","templated":true}]}}