{"id":38240,"date":"2023-09-07T01:00:56","date_gmt":"2023-09-07T06:00:56","guid":{"rendered":"https:\/\/lucianabalderrama.com\/?post_type=product&#038;p=38240"},"modified":"2025-11-15T17:45:42","modified_gmt":"2025-11-15T22:45:42","slug":"wrangler-flare-pants","status":"publish","type":"product","link":"https:\/\/lucianabalderrama.com\/en\/producto\/wrangler-flare-pants\/","title":{"rendered":"Wrangler Flare Pants Outlet"},"content":{"rendered":"","protected":false},"excerpt":{"rendered":"<p>Saddle up, cowgirls! Les presentamos los Pantalones Wrangler Flare \u2013 donde el encanto del Oeste se encuentra con el estilo contempor\u00e1neo. Estos pantalones presumen de una silueta de talle alto con un favorecedor corte acampanado y detalles dorados en los bajos, haciendo que cada paso sea una declaraci\u00f3n de estilo. Pero eso no es todo: una falda superpuesta envuelve con gracia la cadera, a\u00f1adiendo un toque rom\u00e1ntico a tu atuendo. Cierre con cremallera en el costado. Cabalga hacia la moda con elegancia y confianza.<\/p>\n<p>Factor de Elasticidad: Algo de Elasticidad.<\/p>\n<p>Largo del Pantalon: Aproximadamente 120 cm desde la cintura hasta el suelo.<\/p>\n<p>La modelo est\u00e1 usando una talla 2.<\/p>\n","protected":false},"featured_media":38907,"template":"","meta":{"_acf_changed":false},"product_brand":[],"product_cat":[581],"product_tag":[],"class_list":{"0":"post-38240","1":"product","2":"type-product","3":"status-publish","4":"has-post-thumbnail","6":"product_cat-outlet-en","7":"pa_color-black-en","8":"pa_size-10-en","9":"pa_size-2-en","10":"pa_size-4-en","11":"pa_size-6-en","12":"pa_size-8-en","13":"collection-bronco-belle-collection","15":"first","16":"instock","17":"sale","18":"shipping-taxable","19":"purchasable","20":"product-type-variable"},"acf":[],"yoast_head":"<!-- This site is optimized with the Yoast SEO plugin v27.3 - https:\/\/yoast.com\/product\/yoast-seo-wordpress\/ -->\n<title>Wrangler Flare Pants Outlet - Luciana Balderrama<\/title>\n<meta name=\"robots\" content=\"index, follow, max-snippet:-1, max-image-preview:large, max-video-preview:-1\" \/>\n<link rel=\"canonical\" href=\"https:\/\/lucianabalderrama.com\/en\/producto\/wrangler-flare-pants\/\" \/>\n<meta property=\"og:locale\" content=\"en_US\" \/>\n<meta property=\"og:type\" content=\"article\" \/>\n<meta property=\"og:title\" content=\"Wrangler Flare Pants Outlet - Luciana Balderrama\" \/>\n<meta property=\"og:description\" content=\"Saddle up, cowgirls! Les presentamos los Pantalones Wrangler Flare \u2013 donde el encanto del Oeste se encuentra con el estilo contempor\u00e1neo. Estos pantalones presumen de una silueta de talle alto con un favorecedor corte acampanado y detalles dorados en los bajos, haciendo que cada paso sea una declaraci\u00f3n de estilo. Pero eso no es todo: una falda superpuesta envuelve con gracia la cadera, a\u00f1adiendo un toque rom\u00e1ntico a tu atuendo. Cierre con cremallera en el costado. Cabalga hacia la moda con elegancia y confianza. Factor de Elasticidad: Algo de Elasticidad. Largo del Pantalon: Aproximadamente 120 cm desde la cintura hasta el suelo. La modelo est\u00e1 usando una talla 2.\" \/>\n<meta property=\"og:url\" content=\"https:\/\/lucianabalderrama.com\/en\/producto\/wrangler-flare-pants\/\" \/>\n<meta property=\"og:site_name\" content=\"Luciana Balderrama\" \/>\n<meta property=\"article:publisher\" content=\"https:\/\/www.facebook.com\/luciana.balderrama\" \/>\n<meta property=\"article:modified_time\" content=\"2025-11-15T22:45:42+00:00\" \/>\n<meta property=\"og:image\" content=\"https:\/\/lucianabalderrama.com\/wp-content\/uploads\/2023\/09\/H-3.jpg\" \/>\n\t<meta property=\"og:image:width\" content=\"1500\" \/>\n\t<meta property=\"og:image:height\" content=\"1500\" \/>\n\t<meta property=\"og:image:type\" content=\"image\/jpeg\" \/>\n<meta name=\"twitter:card\" content=\"summary_large_image\" \/>\n<script type=\"application\/ld+json\" class=\"yoast-schema-graph\">{\"@context\":\"https:\\\/\\\/schema.org\",\"@graph\":[{\"@type\":\"WebPage\",\"@id\":\"https:\\\/\\\/lucianabalderrama.com\\\/en\\\/producto\\\/wrangler-flare-pants\\\/\",\"url\":\"https:\\\/\\\/lucianabalderrama.com\\\/en\\\/producto\\\/wrangler-flare-pants\\\/\",\"name\":\"Wrangler Flare Pants Outlet - Luciana Balderrama\",\"isPartOf\":{\"@id\":\"https:\\\/\\\/lucianabalderrama.com\\\/en\\\/#website\"},\"primaryImageOfPage\":{\"@id\":\"https:\\\/\\\/lucianabalderrama.com\\\/en\\\/producto\\\/wrangler-flare-pants\\\/#primaryimage\"},\"image\":{\"@id\":\"https:\\\/\\\/lucianabalderrama.com\\\/en\\\/producto\\\/wrangler-flare-pants\\\/#primaryimage\"},\"thumbnailUrl\":\"https:\\\/\\\/lucianabalderrama.com\\\/wp-content\\\/uploads\\\/2023\\\/09\\\/H-3.jpg\",\"datePublished\":\"2023-09-07T06:00:56+00:00\",\"dateModified\":\"2025-11-15T22:45:42+00:00\",\"breadcrumb\":{\"@id\":\"https:\\\/\\\/lucianabalderrama.com\\\/en\\\/producto\\\/wrangler-flare-pants\\\/#breadcrumb\"},\"inLanguage\":\"en-US\",\"potentialAction\":[{\"@type\":\"ReadAction\",\"target\":[\"https:\\\/\\\/lucianabalderrama.com\\\/en\\\/producto\\\/wrangler-flare-pants\\\/\"]}]},{\"@type\":\"ImageObject\",\"inLanguage\":\"en-US\",\"@id\":\"https:\\\/\\\/lucianabalderrama.com\\\/en\\\/producto\\\/wrangler-flare-pants\\\/#primaryimage\",\"url\":\"https:\\\/\\\/lucianabalderrama.com\\\/wp-content\\\/uploads\\\/2023\\\/09\\\/H-3.jpg\",\"contentUrl\":\"https:\\\/\\\/lucianabalderrama.com\\\/wp-content\\\/uploads\\\/2023\\\/09\\\/H-3.jpg\",\"width\":1500,\"height\":1500},{\"@type\":\"BreadcrumbList\",\"@id\":\"https:\\\/\\\/lucianabalderrama.com\\\/en\\\/producto\\\/wrangler-flare-pants\\\/#breadcrumb\",\"itemListElement\":[{\"@type\":\"ListItem\",\"position\":1,\"name\":\"Portada\",\"item\":\"https:\\\/\\\/lucianabalderrama.com\\\/en\\\/\"},{\"@type\":\"ListItem\",\"position\":2,\"name\":\"Shop\",\"item\":\"https:\\\/\\\/lucianabalderrama.com\\\/en\\\/shop\\\/\"},{\"@type\":\"ListItem\",\"position\":3,\"name\":\"Wrangler Flare Pants Outlet\"}]},{\"@type\":\"WebSite\",\"@id\":\"https:\\\/\\\/lucianabalderrama.com\\\/en\\\/#website\",\"url\":\"https:\\\/\\\/lucianabalderrama.com\\\/en\\\/\",\"name\":\"Luciana Balderrama\",\"description\":\"\",\"publisher\":{\"@id\":\"https:\\\/\\\/lucianabalderrama.com\\\/en\\\/#organization\"},\"potentialAction\":[{\"@type\":\"SearchAction\",\"target\":{\"@type\":\"EntryPoint\",\"urlTemplate\":\"https:\\\/\\\/lucianabalderrama.com\\\/en\\\/?s={search_term_string}\"},\"query-input\":{\"@type\":\"PropertyValueSpecification\",\"valueRequired\":true,\"valueName\":\"search_term_string\"}}],\"inLanguage\":\"en-US\"},{\"@type\":\"Organization\",\"@id\":\"https:\\\/\\\/lucianabalderrama.com\\\/en\\\/#organization\",\"name\":\"Luciana Balderrama Store\",\"alternateName\":\"Luciana Balderrama\",\"url\":\"https:\\\/\\\/lucianabalderrama.com\\\/en\\\/\",\"logo\":{\"@type\":\"ImageObject\",\"inLanguage\":\"en-US\",\"@id\":\"https:\\\/\\\/lucianabalderrama.com\\\/en\\\/#\\\/schema\\\/logo\\\/image\\\/\",\"url\":\"https:\\\/\\\/lucianabalderrama.com\\\/wp-content\\\/uploads\\\/2019\\\/01\\\/cropped-Recurso-2@4x.png\",\"contentUrl\":\"https:\\\/\\\/lucianabalderrama.com\\\/wp-content\\\/uploads\\\/2019\\\/01\\\/cropped-Recurso-2@4x.png\",\"width\":512,\"height\":512,\"caption\":\"Luciana Balderrama Store\"},\"image\":{\"@id\":\"https:\\\/\\\/lucianabalderrama.com\\\/en\\\/#\\\/schema\\\/logo\\\/image\\\/\"},\"sameAs\":[\"https:\\\/\\\/www.facebook.com\\\/luciana.balderrama\",\"https:\\\/\\\/www.instagram.com\\\/lucianabalderrama\\\/\"]}]}<\/script>\n<!-- \/ Yoast SEO plugin. -->","yoast_head_json":{"title":"Wrangler Flare Pants Outlet - Luciana Balderrama","robots":{"index":"index","follow":"follow","max-snippet":"max-snippet:-1","max-image-preview":"max-image-preview:large","max-video-preview":"max-video-preview:-1"},"canonical":"https:\/\/lucianabalderrama.com\/en\/producto\/wrangler-flare-pants\/","og_locale":"en_US","og_type":"article","og_title":"Wrangler Flare Pants Outlet - Luciana Balderrama","og_description":"Saddle up, cowgirls! Les presentamos los Pantalones Wrangler Flare \u2013 donde el encanto del Oeste se encuentra con el estilo contempor\u00e1neo. Estos pantalones presumen de una silueta de talle alto con un favorecedor corte acampanado y detalles dorados en los bajos, haciendo que cada paso sea una declaraci\u00f3n de estilo. Pero eso no es todo: una falda superpuesta envuelve con gracia la cadera, a\u00f1adiendo un toque rom\u00e1ntico a tu atuendo. Cierre con cremallera en el costado. Cabalga hacia la moda con elegancia y confianza. Factor de Elasticidad: Algo de Elasticidad. Largo del Pantalon: Aproximadamente 120 cm desde la cintura hasta el suelo. La modelo est\u00e1 usando una talla 2.","og_url":"https:\/\/lucianabalderrama.com\/en\/producto\/wrangler-flare-pants\/","og_site_name":"Luciana Balderrama","article_publisher":"https:\/\/www.facebook.com\/luciana.balderrama","article_modified_time":"2025-11-15T22:45:42+00:00","og_image":[{"width":1500,"height":1500,"url":"https:\/\/lucianabalderrama.com\/wp-content\/uploads\/2023\/09\/H-3.jpg","type":"image\/jpeg"}],"twitter_card":"summary_large_image","schema":{"@context":"https:\/\/schema.org","@graph":[{"@type":"WebPage","@id":"https:\/\/lucianabalderrama.com\/en\/producto\/wrangler-flare-pants\/","url":"https:\/\/lucianabalderrama.com\/en\/producto\/wrangler-flare-pants\/","name":"Wrangler Flare Pants Outlet - Luciana Balderrama","isPartOf":{"@id":"https:\/\/lucianabalderrama.com\/en\/#website"},"primaryImageOfPage":{"@id":"https:\/\/lucianabalderrama.com\/en\/producto\/wrangler-flare-pants\/#primaryimage"},"image":{"@id":"https:\/\/lucianabalderrama.com\/en\/producto\/wrangler-flare-pants\/#primaryimage"},"thumbnailUrl":"https:\/\/lucianabalderrama.com\/wp-content\/uploads\/2023\/09\/H-3.jpg","datePublished":"2023-09-07T06:00:56+00:00","dateModified":"2025-11-15T22:45:42+00:00","breadcrumb":{"@id":"https:\/\/lucianabalderrama.com\/en\/producto\/wrangler-flare-pants\/#breadcrumb"},"inLanguage":"en-US","potentialAction":[{"@type":"ReadAction","target":["https:\/\/lucianabalderrama.com\/en\/producto\/wrangler-flare-pants\/"]}]},{"@type":"ImageObject","inLanguage":"en-US","@id":"https:\/\/lucianabalderrama.com\/en\/producto\/wrangler-flare-pants\/#primaryimage","url":"https:\/\/lucianabalderrama.com\/wp-content\/uploads\/2023\/09\/H-3.jpg","contentUrl":"https:\/\/lucianabalderrama.com\/wp-content\/uploads\/2023\/09\/H-3.jpg","width":1500,"height":1500},{"@type":"BreadcrumbList","@id":"https:\/\/lucianabalderrama.com\/en\/producto\/wrangler-flare-pants\/#breadcrumb","itemListElement":[{"@type":"ListItem","position":1,"name":"Portada","item":"https:\/\/lucianabalderrama.com\/en\/"},{"@type":"ListItem","position":2,"name":"Shop","item":"https:\/\/lucianabalderrama.com\/en\/shop\/"},{"@type":"ListItem","position":3,"name":"Wrangler Flare Pants Outlet"}]},{"@type":"WebSite","@id":"https:\/\/lucianabalderrama.com\/en\/#website","url":"https:\/\/lucianabalderrama.com\/en\/","name":"Luciana Balderrama","description":"","publisher":{"@id":"https:\/\/lucianabalderrama.com\/en\/#organization"},"potentialAction":[{"@type":"SearchAction","target":{"@type":"EntryPoint","urlTemplate":"https:\/\/lucianabalderrama.com\/en\/?s={search_term_string}"},"query-input":{"@type":"PropertyValueSpecification","valueRequired":true,"valueName":"search_term_string"}}],"inLanguage":"en-US"},{"@type":"Organization","@id":"https:\/\/lucianabalderrama.com\/en\/#organization","name":"Luciana Balderrama Store","alternateName":"Luciana Balderrama","url":"https:\/\/lucianabalderrama.com\/en\/","logo":{"@type":"ImageObject","inLanguage":"en-US","@id":"https:\/\/lucianabalderrama.com\/en\/#\/schema\/logo\/image\/","url":"https:\/\/lucianabalderrama.com\/wp-content\/uploads\/2019\/01\/cropped-Recurso-2@4x.png","contentUrl":"https:\/\/lucianabalderrama.com\/wp-content\/uploads\/2019\/01\/cropped-Recurso-2@4x.png","width":512,"height":512,"caption":"Luciana Balderrama Store"},"image":{"@id":"https:\/\/lucianabalderrama.com\/en\/#\/schema\/logo\/image\/"},"sameAs":["https:\/\/www.facebook.com\/luciana.balderrama","https:\/\/www.instagram.com\/lucianabalderrama\/"]}]}},"_links":{"self":[{"href":"https:\/\/lucianabalderrama.com\/en\/wp-json\/wp\/v2\/product\/38240","targetHints":{"allow":["GET"]}}],"collection":[{"href":"https:\/\/lucianabalderrama.com\/en\/wp-json\/wp\/v2\/product"}],"about":[{"href":"https:\/\/lucianabalderrama.com\/en\/wp-json\/wp\/v2\/types\/product"}],"wp:featuredmedia":[{"embeddable":true,"href":"https:\/\/lucianabalderrama.com\/en\/wp-json\/wp\/v2\/media\/38907"}],"wp:attachment":[{"href":"https:\/\/lucianabalderrama.com\/en\/wp-json\/wp\/v2\/media?parent=38240"}],"wp:term":[{"taxonomy":"product_brand","embeddable":true,"href":"https:\/\/lucianabalderrama.com\/en\/wp-json\/wp\/v2\/product_brand?post=38240"},{"taxonomy":"product_cat","embeddable":true,"href":"https:\/\/lucianabalderrama.com\/en\/wp-json\/wp\/v2\/product_cat?post=38240"},{"taxonomy":"product_tag","embeddable":true,"href":"https:\/\/lucianabalderrama.com\/en\/wp-json\/wp\/v2\/product_tag?post=38240"}],"curies":[{"name":"wp","href":"https:\/\/api.w.org\/{rel}","templated":true}]}}